{"id":141,"date":"2023-01-09T14:04:03","date_gmt":"2023-01-09T14:04:03","guid":{"rendered":"https:\/\/baceko.com\/?page_id=141"},"modified":"2023-01-09T15:22:30","modified_gmt":"2023-01-09T15:22:30","slug":"kariyer","status":"publish","type":"page","link":"https:\/\/baceko.com\/index.php\/tr\/kariyer\/","title":{"rendered":"Kariyer"},"content":{"rendered":"\n<div class=\"is-layout-constrained wp-block-group alignfull has-background\" style=\"background-color:#f8f4e4\">\n<div class=\"is-layout-flex wp-container-2 wp-block-columns alignwide has-large-font-size\">\n<div class=\"is-layout-flow wp-block-column\">\n<h1 class=\"has-text-color\" style=\"color:#000000;font-size:5vw\"><strong>BACEKO&#8217;DA STAJ<\/strong><\/h1>\n<\/div>\n<\/div>\n\n\n\n<div class=\"is-layout-flex wp-container-6 wp-block-columns alignwide\">\n<div class=\"is-layout-flow wp-block-column\" style=\"flex-basis:33.38%\">\n<h2>\u00d6\u011frencilik hayat\u0131n devam ederken gelecekteki mesle\u011finize ili\u015fkin tecr\u00fcbe kazanmak istiyorsan Baceko&#8217;da kap\u0131m\u0131z sana her zaman a\u00e7\u0131k.<\/h2>\n\n\n\n<p><\/p>\n\n\n\n<h2>Uluslararas\u0131 Ticaret, Reklam Teknolojileri ve Grafik Tasar\u0131m alanlar\u0131nda kendini geli\u015ftirmek istiyorsan bize ba\u015fvurman yeterli.<\/h2>\n<\/div>\n\n\n\n<div class=\"is-layout-flow wp-block-column\" style=\"flex-basis:33%\">\n<div style=\"height:100px\" aria-hidden=\"true\" class=\"wp-block-spacer\"><\/div>\n\n\n\n<figure class=\"wp-block-image size-large\"><img decoding=\"async\" src=\"https:\/\/s.w.org\/images\/core\/5.8\/outside-01.jpg\" alt=\"The sun setting through a dense forest.\"\/><\/figure>\n<\/div>\n\n\n\n<div class=\"is-layout-flow wp-block-column\" style=\"flex-basis:33.62%\">\n<figure class=\"wp-block-image size-large\"><img decoding=\"async\" src=\"https:\/\/s.w.org\/images\/core\/5.8\/outside-02.jpg\" alt=\"Wind turbines standing on a grassy plain, against a blue sky.\"\/><\/figure>\n<\/div>\n<\/div>\n\n\n\n<div class=\"is-layout-flex wp-container-10 wp-block-columns alignwide\">\n<div class=\"is-layout-flow wp-block-column\" style=\"flex-basis:67%\">\n<figure class=\"wp-block-image alignright size-large\"><img decoding=\"async\" src=\"https:\/\/s.w.org\/images\/core\/5.8\/outside-03.jpg\" alt=\"The sun shining over a ridge leading down into the shore. In the distance, a car drives down a road.\"\/><\/figure>\n<\/div>\n\n\n\n<div class=\"is-layout-flow wp-block-column is-vertically-aligned-center\" style=\"flex-basis:33%\">\n<p class=\"has-text-color has-extra-small-font-size\" style=\"color:#000000\">Uluslararas\u0131 ticaret ve reklam teknolojileri ile ilgilendi\u011fimiz Baceko&#8217;da T\u00fcrk Gen\u00e7li\u011fine olan sars\u0131lmaz g\u00fcvenimizin de etkisiyle \u00f6\u011frenim hayat\u0131 devam ederken tecr\u00fcbe kazanmak isteyen k\u0131ymetli ve paha bi\u00e7ilemez \u00f6\u011frencilerimize staj imkan\u0131 sunuyoruz kendini geli\u015ftirmek istiyorsan bizimle ileti\u015fime ge\u00e7ebilirsin.<\/p>\n\n\n\n<div class=\"is-layout-flex wp-block-buttons\">\n<div class=\"wp-block-button\"><a class=\"wp-block-button__link wp-element-button\" href=\"https:\/\/baceko.com\/index.php\/tr\/iletisim\/\">Hemen \u0130leti\u015fime Ge\u00e7<\/a><\/div>\n<\/div>\n<\/div>\n<\/div>\n<\/div>\n","protected":false},"excerpt":{"rendered":"<p>BACEKO&#8217;DA STAJ \u00d6\u011frencilik hayat\u0131n devam ederken gelecekteki mesle\u011finize ili\u015fkin tecr\u00fcbe kazanmak istiyorsan Baceko&#8217;da kap\u0131m\u0131z sana her zaman a\u00e7\u0131k. Uluslararas\u0131 Ticaret, Reklam Teknolojileri ve Grafik Tasar\u0131m alanlar\u0131nda kendini geli\u015ftirmek istiyorsan bize ba\u015fvurman yeterli. Uluslararas\u0131 ticaret ve reklam teknolojileri ile ilgilendi\u011fimiz Baceko&#8217;da T\u00fcrk Gen\u00e7li\u011fine olan sars\u0131lmaz g\u00fcvenimizin de etkisiyle \u00f6\u011frenim hayat\u0131 devam ederken tecr\u00fcbe kazanmak isteyen k\u0131ymetli [&hellip;]<\/p>\n","protected":false},"author":1,"featured_media":0,"parent":0,"menu_order":0,"comment_status":"closed","ping_status":"closed","template":"","meta":{"_et_pb_use_builder":"","_et_pb_old_content":"","_et_gb_content_width":""},"_links":{"self":[{"href":"https:\/\/baceko.com\/index.php\/wp-json\/wp\/v2\/pages\/141"}],"collection":[{"href":"https:\/\/baceko.com\/index.php\/wp-json\/wp\/v2\/pages"}],"about":[{"href":"https:\/\/baceko.com\/index.php\/wp-json\/wp\/v2\/types\/page"}],"author":[{"embeddable":true,"href":"https:\/\/baceko.com\/index.php\/wp-json\/wp\/v2\/users\/1"}],"replies":[{"embeddable":true,"href":"https:\/\/baceko.com\/index.php\/wp-json\/wp\/v2\/comments?post=141"}],"version-history":[{"count":4,"href":"https:\/\/baceko.com\/index.php\/wp-json\/wp\/v2\/pages\/141\/revisions"}],"predecessor-version":[{"id":148,"href":"https:\/\/baceko.com\/index.php\/wp-json\/wp\/v2\/pages\/141\/revisions\/148"}],"wp:attachment":[{"href":"https:\/\/baceko.com\/index.php\/wp-json\/wp\/v2\/media?parent=141"}],"curies":[{"name":"wp","href":"https:\/\/api.w.org\/{rel}","templated":true}]}}