{"id":79,"date":"2023-01-06T15:39:30","date_gmt":"2023-01-06T15:39:30","guid":{"rendered":"https:\/\/baceko.com\/?page_id=79"},"modified":"2023-01-12T11:39:47","modified_gmt":"2023-01-12T11:39:47","slug":"79-2","status":"publish","type":"page","link":"https:\/\/baceko.com\/index.php\/tr\/79-2\/","title":{"rendered":"Faaliyet Alanlar\u0131m\u0131z"},"content":{"rendered":"\n<div class=\"is-layout-constrained wp-block-group alignfull has-background\" style=\"background-color:#f8f4e4\">\n<div class=\"is-layout-flex wp-container-2 wp-block-columns alignwide\">\n<div class=\"is-layout-flow wp-block-column\">\n<p class=\"has-text-color\" style=\"color:#000000;font-size:5vw;line-height:1.1\">Faaliyet Alanlar\u0131m\u0131z<\/p>\n\n\n\n<div style=\"height:5px\" aria-hidden=\"true\" class=\"wp-block-spacer\"><\/div>\n<\/div>\n<\/div>\n\n\n\n<div class=\"is-layout-flex wp-container-7 wp-block-columns alignwide\">\n<div class=\"is-layout-flow wp-block-column\" style=\"flex-basis:33.38%\">\n<h2>Erkek M\u00fccevherat\u0131<\/h2>\n\n\n\n<p class=\"has-text-color has-extra-small-font-size\" style=\"color:#000000\">M\u00fckemmel i\u015f\u00e7ili\u011fi benzersiz tasar\u0131mlarla birle\u015ftiren \u00fcst d\u00fczey erkek m\u00fccevherat\u0131 tasar\u0131m ve \u00fcretimi<\/p>\n\n\n\n<div class=\"is-layout-flex wp-container-3 wp-block-buttons\">\n<div class=\"wp-block-button\"><a class=\"wp-block-button__link wp-element-button\" href=\"https:\/\/baceko.com\/index.php\/tr\/mucevherat\/\">G\u00f6zat\u0131n<\/a><\/div>\n<\/div>\n<\/div>\n\n\n\n<div class=\"is-layout-flow wp-block-column\" style=\"flex-basis:33%\">\n<div style=\"height:100px\" aria-hidden=\"true\" class=\"wp-block-spacer\"><\/div>\n\n\n\n<figure class=\"wp-block-image size-large\"><img decoding=\"async\" src=\"https:\/\/cdn.shopify.com\/s\/files\/1\/0658\/8304\/6147\/files\/BRACELETALTMENU_1_570x.jpg?v=1664378110\" alt=\"The sun setting through a dense forest.\"\/><\/figure>\n<\/div>\n\n\n\n<div class=\"is-layout-flow wp-block-column\" style=\"flex-basis:33.62%\">\n<figure class=\"wp-block-image size-large\"><img decoding=\"async\" src=\"https:\/\/cdn.shopify.com\/s\/files\/1\/0658\/8304\/6147\/files\/ringmenu_570x.jpg?v=1664376439\" alt=\"Wind turbines standing on a grassy plain, against a blue sky.\"\/><\/figure>\n<\/div>\n<\/div>\n\n\n\n<div class=\"is-layout-flex wp-container-11 wp-block-columns alignwide\">\n<div class=\"is-layout-flow wp-block-column\" style=\"flex-basis:67%\">\n<figure class=\"wp-block-image alignright size-full\"><img decoding=\"async\" loading=\"lazy\" width=\"1024\" height=\"576\" src=\"https:\/\/baceko.com\/wp-content\/uploads\/2023\/01\/sunum-1024x576-1.jpg\" alt=\"\" class=\"wp-image-54\" srcset=\"https:\/\/baceko.com\/wp-content\/uploads\/2023\/01\/sunum-1024x576-1.jpg 1024w, https:\/\/baceko.com\/wp-content\/uploads\/2023\/01\/sunum-1024x576-1-300x169.jpg 300w, https:\/\/baceko.com\/wp-content\/uploads\/2023\/01\/sunum-1024x576-1-768x432.jpg 768w\" sizes=\"(max-width: 1024px) 100vw, 1024px\" \/><\/figure>\n<\/div>\n\n\n\n<div class=\"is-layout-flow wp-block-column is-vertically-aligned-center\" style=\"flex-basis:33%\">\n<h2>Pazarlama Y\u00f6netimi<\/h2>\n\n\n\n<p class=\"has-text-color has-extra-small-font-size\" style=\"color:#000000\">\u015eirketlere y\u00f6nelik kapsaml\u0131 reklam ve pazarlama y\u00f6netimi<\/p>\n\n\n\n<div class=\"is-layout-flex wp-block-buttons\">\n<div class=\"wp-block-button\"><a class=\"wp-block-button__link wp-element-button\" href=\"https:\/\/baceko.com\/index.php\/tr\/87-2\/\">G\u00f6zat\u0131n<\/a><\/div>\n<\/div>\n<\/div>\n<\/div>\n<\/div>\n","protected":false},"excerpt":{"rendered":"<p>Faaliyet Alanlar\u0131m\u0131z Erkek M\u00fccevherat\u0131 M\u00fckemmel i\u015f\u00e7ili\u011fi benzersiz tasar\u0131mlarla birle\u015ftiren \u00fcst d\u00fczey erkek m\u00fccevherat\u0131 tasar\u0131m ve \u00fcretimi Pazarlama Y\u00f6netimi \u015eirketlere y\u00f6nelik kapsaml\u0131 reklam ve pazarlama y\u00f6netimi<\/p>\n","protected":false},"author":1,"featured_media":0,"parent":0,"menu_order":0,"comment_status":"closed","ping_status":"closed","template":"","meta":{"_et_pb_use_builder":"","_et_pb_old_content":"","_et_gb_content_width":"1080"},"_links":{"self":[{"href":"https:\/\/baceko.com\/index.php\/wp-json\/wp\/v2\/pages\/79"}],"collection":[{"href":"https:\/\/baceko.com\/index.php\/wp-json\/wp\/v2\/pages"}],"about":[{"href":"https:\/\/baceko.com\/index.php\/wp-json\/wp\/v2\/types\/page"}],"author":[{"embeddable":true,"href":"https:\/\/baceko.com\/index.php\/wp-json\/wp\/v2\/users\/1"}],"replies":[{"embeddable":true,"href":"https:\/\/baceko.com\/index.php\/wp-json\/wp\/v2\/comments?post=79"}],"version-history":[{"count":4,"href":"https:\/\/baceko.com\/index.php\/wp-json\/wp\/v2\/pages\/79\/revisions"}],"predecessor-version":[{"id":138,"href":"https:\/\/baceko.com\/index.php\/wp-json\/wp\/v2\/pages\/79\/revisions\/138"}],"wp:attachment":[{"href":"https:\/\/baceko.com\/index.php\/wp-json\/wp\/v2\/media?parent=79"}],"curies":[{"name":"wp","href":"https:\/\/api.w.org\/{rel}","templated":true}]}}