{"id":85,"date":"2023-01-06T13:11:46","date_gmt":"2023-01-06T13:11:46","guid":{"rendered":"https:\/\/baceko.com\/?page_id=85"},"modified":"2023-01-09T12:46:12","modified_gmt":"2023-01-09T12:46:12","slug":"mucevherat","status":"publish","type":"page","link":"https:\/\/baceko.com\/index.php\/tr\/mucevherat\/","title":{"rendered":"M\u00fccevherat"},"content":{"rendered":"\n<div class=\"is-layout-flex wp-container-5 wp-block-columns alignwide\">\n<div class=\"is-layout-flow wp-elements-2512fc83ca9aee0c1b5b4a4d0241c3bd wp-block-column has-text-color has-background has-link-color\" style=\"color:#000000;background-color:#ffe97d;padding-top:2em;padding-right:2em;padding-bottom:2em;padding-left:2em\">\n<h2 id=\"single\" style=\"font-size:40px\"><strong>Ephesus<\/strong><\/h2>\n\n\n\n<p class=\"has-normal-font-size\" style=\"line-height:1.5\">Ephesus, m\u00fckemmel i\u015f\u00e7ili\u011fi benzersiz tasar\u0131mlarla birle\u015ftiren \u00fcst d\u00fczey klasik tarz erkek tak\u0131 markas\u0131d\u0131r.<\/p>\n\n\n\n<figure class=\"wp-block-image aligncenter size-large\"><img decoding=\"async\" src=\"https:\/\/i.etsystatic.com\/isbl\/97d60d\/46240869\/isbl_1680x420.46240869_bx0mwk2j.jpg?version=0\" alt=\"\"\/><\/figure>\n\n\n\n<div class=\"is-horizontal is-content-justification-center is-layout-flex wp-container-1 wp-block-buttons alignfull\">\n<div class=\"wp-block-button has-custom-width wp-block-button__width-100\"><a class=\"wp-block-button__link has-white-color has-text-color has-background no-border-radius wp-element-button\" href=\"https:\/\/ephesusjewelry.com\/\" style=\"background-color:#000000\" target=\"_blank\" rel=\"noreferrer noopener\">G\u00f6zat\u0131n<\/a><\/div>\n<\/div>\n<\/div>\n\n\n\n<div class=\"is-layout-flow wp-elements-361d83bd4345e8a37a18e28d0f00b55e wp-block-column has-text-color has-background has-link-color\" style=\"color:#000000;background-color:#d1d1e1;padding-top:2em;padding-right:2em;padding-bottom:2em;padding-left:2em\">\n<h2 id=\"family\" style=\"font-size:40px\"><strong>Espada<\/strong><\/h2>\n\n\n\n<p class=\"has-normal-font-size\" style=\"line-height:1.5\">Espada, m\u00fckemmel i\u015f\u00e7ili\u011fi benzersiz tasar\u0131mlarla birle\u015ftiren \u00fcst d\u00fczey modern tarz erkek tak\u0131 markas\u0131d\u0131r.<\/p>\n\n\n\n<figure class=\"wp-block-image aligncenter size-large is-resized\"><img decoding=\"async\" loading=\"lazy\" src=\"https:\/\/i.etsystatic.com\/isbl\/abc1f2\/52554817\/isbl_1680x420.52554817_rhybeu9a.jpg?version=0\" alt=\"\" width=\"498\" height=\"124\"\/><\/figure>\n\n\n\n<div class=\"is-horizontal is-content-justification-center is-layout-flex wp-container-3 wp-block-buttons alignfull\">\n<div class=\"wp-block-button has-custom-width wp-block-button__width-100 is-style-fill\"><a class=\"wp-block-button__link has-white-color has-text-color has-background no-border-radius wp-element-button\" href=\"https:\/\/www.etsy.com\/shop\/EspadaSilver\" style=\"background-color:#000000\" target=\"_blank\" rel=\"noreferrer noopener\">G\u00f6zat\u0131n<\/a><\/div>\n<\/div>\n<\/div>\n<\/div>\n","protected":false},"excerpt":{"rendered":"<p>Ephesus Ephesus, m\u00fckemmel i\u015f\u00e7ili\u011fi benzersiz tasar\u0131mlarla birle\u015ftiren \u00fcst d\u00fczey klasik tarz erkek tak\u0131 markas\u0131d\u0131r. Espada Espada, m\u00fckemmel i\u015f\u00e7ili\u011fi benzersiz tasar\u0131mlarla birle\u015ftiren \u00fcst d\u00fczey modern tarz erkek tak\u0131 markas\u0131d\u0131r.<\/p>\n","protected":false},"author":1,"featured_media":0,"parent":0,"menu_order":0,"comment_status":"closed","ping_status":"closed","template":"","meta":{"_et_pb_use_builder":"","_et_pb_old_content":"","_et_gb_content_width":""},"_links":{"self":[{"href":"https:\/\/baceko.com\/index.php\/wp-json\/wp\/v2\/pages\/85"}],"collection":[{"href":"https:\/\/baceko.com\/index.php\/wp-json\/wp\/v2\/pages"}],"about":[{"href":"https:\/\/baceko.com\/index.php\/wp-json\/wp\/v2\/types\/page"}],"author":[{"embeddable":true,"href":"https:\/\/baceko.com\/index.php\/wp-json\/wp\/v2\/users\/1"}],"replies":[{"embeddable":true,"href":"https:\/\/baceko.com\/index.php\/wp-json\/wp\/v2\/comments?post=85"}],"version-history":[{"count":2,"href":"https:\/\/baceko.com\/index.php\/wp-json\/wp\/v2\/pages\/85\/revisions"}],"predecessor-version":[{"id":134,"href":"https:\/\/baceko.com\/index.php\/wp-json\/wp\/v2\/pages\/85\/revisions\/134"}],"wp:attachment":[{"href":"https:\/\/baceko.com\/index.php\/wp-json\/wp\/v2\/media?parent=85"}],"curies":[{"name":"wp","href":"https:\/\/api.w.org\/{rel}","templated":true}]}}