{"id":87,"date":"2023-01-06T14:26:58","date_gmt":"2023-01-06T14:26:58","guid":{"rendered":"https:\/\/baceko.com\/?page_id=87"},"modified":"2023-01-09T10:57:03","modified_gmt":"2023-01-09T10:57:03","slug":"87-2","status":"publish","type":"page","link":"https:\/\/baceko.com\/index.php\/tr\/87-2\/","title":{"rendered":"Pazarlama Y\u00f6netimi"},"content":{"rendered":"\n<div class=\"is-layout-flex wp-container-7 wp-block-columns alignwide\">\n<div class=\"is-layout-flow wp-elements-b104f05b03b14cdd1608e8d3649309c0 wp-block-column has-text-color has-background has-link-color\" style=\"color:#000000;background-color:#ffe97d;padding-top:2em;padding-right:2em;padding-bottom:2em;padding-left:2em\">\n<h2 id=\"single\" style=\"font-size:40px\"><strong>Piyasa Ara\u015ft\u0131rmas\u0131<\/strong><\/h2>\n\n\n\n<p class=\"has-normal-font-size\" style=\"line-height:1.5\">\u00dcr\u00fcnlerinizi tercih eden m\u00fc\u015fterilerinizin; ya\u015f, cinsiyet, meslek ve benzeri kategorilere g\u00f6re kapsaml\u0131 bir bi\u00e7imde analiz edilerek pazar pay\u0131n\u0131z\u0131 artt\u0131rmaya y\u00f6nelik iyile\u015ftirmeler<\/p>\n\n\n\n<hr class=\"wp-block-separator has-text-color has-css-opacity has-background is-style-wide\" style=\"background-color:#000000;color:#000000\"\/>\n\n\n\n<div class=\"is-horizontal is-content-justification-center is-layout-flex wp-container-1 wp-block-buttons alignfull\">\n<div class=\"wp-block-button has-custom-width wp-block-button__width-100\"><a class=\"wp-block-button__link has-white-color has-text-color has-background no-border-radius wp-element-button\" href=\"https:\/\/baceko.com\/index.php\/tr\/iletisim\/\" style=\"background-color:#000000\">Hemen ileti\u015fime ge\u00e7<\/a><\/div>\n<\/div>\n<\/div>\n\n\n\n<div class=\"is-layout-flow wp-elements-91222fafea45d6ea710bba68ca794024 wp-block-column has-text-color has-background has-link-color\" style=\"color:#000000;background-color:#d1d1e1;padding-top:2em;padding-right:2em;padding-bottom:2em;padding-left:2em\">\n<h2 id=\"family\" style=\"font-size:40px\"><strong>\u0130nternet Sitesi Y\u00f6netimi<\/strong><\/h2>\n\n\n\n<p class=\"has-normal-font-size\" style=\"line-height:1.5\">\u0130\u015fletmeniz i\u00e7in profesyonel web sitesi olu\u015fturma, tercihinize g\u00f6re web sitenizin taraf\u0131m\u0131zca y\u00f6netimi, i\u015fletmeniz i\u00e7in online sat\u0131\u015f platformu olu\u015fturma<\/p>\n\n\n\n<hr class=\"wp-block-separator has-css-opacity is-style-wide\"\/>\n\n\n\n<div class=\"is-horizontal is-content-justification-center is-layout-flex wp-container-3 wp-block-buttons alignfull\">\n<div class=\"wp-block-button has-custom-width wp-block-button__width-100 is-style-fill\"><a class=\"wp-block-button__link has-white-color has-text-color has-background no-border-radius wp-element-button\" href=\"https:\/\/baceko.com\/index.php\/tr\/iletisim\/\" style=\"background-color:#000000\">Hemen ileti\u015fime ge\u00e7<\/a><\/div>\n<\/div>\n<\/div>\n\n\n\n<div class=\"is-layout-flow wp-elements-0e01719c5e5b700db3da4549773bf1ee wp-block-column has-text-color has-background has-link-color\" style=\"color:#000000;background-color:#c0ebf1;padding-top:2em;padding-right:2em;padding-bottom:2em;padding-left:2em\">\n<h2 id=\"patron\" style=\"font-size:40px\"><strong>Sosyal Medya Y\u00f6netimi<\/strong><\/h2>\n\n\n\n<p class=\"has-normal-font-size\">\u0130\u015fletmeniz i\u00e7in sosyal medya hesaplar\u0131n\u0131 olu\u015fturma ve y\u00f6netme, hitap etti\u011finiz m\u00fc\u015fteri portf\u00f6y\u00fcne uygun i\u00e7erik ve reklam payla\u015f\u0131m\u0131<\/p>\n\n\n\n<hr class=\"wp-block-separator has-css-opacity is-style-wide\"\/>\n\n\n\n<div class=\"is-horizontal is-content-justification-center is-layout-flex wp-container-5 wp-block-buttons alignfull\">\n<div class=\"wp-block-button has-custom-width wp-block-button__width-100\"><a class=\"wp-block-button__link has-white-color has-text-color has-background no-border-radius wp-element-button\" href=\"https:\/\/baceko.com\/index.php\/tr\/iletisim\/\" style=\"background-color:#000000\">Hemen ileti\u015fime ge\u00e7<\/a><\/div>\n<\/div>\n<\/div>\n<\/div>\n\n\n\n<div class=\"is-layout-flex wp-container-14 wp-block-columns alignwide\">\n<div class=\"is-layout-flow wp-elements-87e6bac54478023dc999b2137d458972 wp-block-column has-text-color has-background has-link-color\" style=\"color:#000000;background-color:#ffe97d;padding-top:2em;padding-right:2em;padding-bottom:2em;padding-left:2em\">\n<h2 id=\"single\" style=\"font-size:40px\"><strong>Markala\u015fma Deste\u011fi<\/strong><\/h2>\n\n\n\n<p class=\"has-normal-font-size\" style=\"line-height:1.5\">Mevcut \u00fcr\u00fcnlerinizin markala\u015ft\u0131racak grafik ve tasar\u0131m hizmetleri, markala\u015fma s\u00fcrecinde kar\u015f\u0131la\u015fabilece\u011finiz sorunlar\u0131n profesyonel ekibimiz taraf\u0131ndan \u00e7\u00f6z\u00fcm\u00fc<\/p>\n\n\n\n<div class=\"is-horizontal is-content-justification-center is-layout-flex wp-container-8 wp-block-buttons alignfull\">\n<div class=\"wp-block-button has-custom-width wp-block-button__width-100\"><a class=\"wp-block-button__link has-white-color has-text-color has-background no-border-radius wp-element-button\" href=\"https:\/\/baceko.com\/index.php\/tr\/iletisim\/\" style=\"background-color:#000000\">Hemen ileti\u015fime ge\u00e7<\/a><\/div>\n<\/div>\n<\/div>\n\n\n\n<div class=\"is-layout-flow wp-elements-32eb49a8f1556267b29e34893fd631da wp-block-column has-text-color has-background has-link-color\" style=\"color:#000000;background-color:#d1d1e1;padding-top:2em;padding-right:2em;padding-bottom:2em;padding-left:2em\">\n<h2 id=\"family\" style=\"font-size:40px\"><strong><strong>Hologram Te<\/strong>knolojisi<\/strong><\/h2>\n\n\n\n<p class=\"has-normal-font-size\" style=\"line-height:1.5\">Y\u00fcksek teknoloji hologram makineleriyle \u00fcr\u00fcnlerinize ili\u015fkin benzersiz ve yarat\u0131c\u0131 reklam tasar\u0131mlar\u0131 ile fuar, panay\u0131r ve benzeri ortamlarda yay\u0131nlanmas\u0131<\/p>\n\n\n\n<div class=\"is-horizontal is-content-justification-center is-layout-flex wp-container-10 wp-block-buttons alignfull\">\n<div class=\"wp-block-button has-custom-width wp-block-button__width-100 is-style-fill\"><a class=\"wp-block-button__link has-white-color has-text-color has-background no-border-radius wp-element-button\" href=\"https:\/\/baceko.com\/index.php\/tr\/iletisim\/\" style=\"background-color:#000000\">Hemen ileti\u015fime ge\u00e7<\/a><\/div>\n<\/div>\n<\/div>\n\n\n\n<div class=\"is-layout-flow wp-elements-7260235064de81b5663546b30f59cc80 wp-block-column has-text-color has-background has-link-color\" style=\"color:#000000;background-color:#c0ebf1;padding-top:2em;padding-right:2em;padding-bottom:2em;padding-left:2em\">\n<h2 id=\"patron\" style=\"font-size:40px\"><strong>M\u00fc\u015fteri Portf\u00f6y\u00fc Geni\u015fletme<\/strong><\/h2>\n\n\n\n<p class=\"has-normal-font-size\">Hedef m\u00fc\u015fterileri daha efektif bir \u015fekilde bulma<\/p>\n\n\n\n<div class=\"is-horizontal is-content-justification-center is-layout-flex wp-container-12 wp-block-buttons alignfull\">\n<div class=\"wp-block-button has-custom-width wp-block-button__width-100\"><a class=\"wp-block-button__link has-white-color has-text-color has-background no-border-radius wp-element-button\" href=\"https:\/\/baceko.com\/index.php\/tr\/iletisim\/\" style=\"background-color:#000000\">Hemen ileti\u015fime ge\u00e7<\/a><\/div>\n<\/div>\n<\/div>\n<\/div>\n","protected":false},"excerpt":{"rendered":"<p>Piyasa Ara\u015ft\u0131rmas\u0131 \u00dcr\u00fcnlerinizi tercih eden m\u00fc\u015fterilerinizin; ya\u015f, cinsiyet, meslek ve benzeri kategorilere g\u00f6re kapsaml\u0131 bir bi\u00e7imde analiz edilerek pazar pay\u0131n\u0131z\u0131 artt\u0131rmaya y\u00f6nelik iyile\u015ftirmeler \u0130nternet Sitesi Y\u00f6netimi \u0130\u015fletmeniz i\u00e7in profesyonel web sitesi olu\u015fturma, tercihinize g\u00f6re web sitenizin taraf\u0131m\u0131zca y\u00f6netimi, i\u015fletmeniz i\u00e7in online sat\u0131\u015f platformu olu\u015fturma Sosyal Medya Y\u00f6netimi \u0130\u015fletmeniz i\u00e7in sosyal medya hesaplar\u0131n\u0131 olu\u015fturma ve y\u00f6netme, [&hellip;]<\/p>\n","protected":false},"author":1,"featured_media":0,"parent":0,"menu_order":0,"comment_status":"closed","ping_status":"closed","template":"","meta":{"_et_pb_use_builder":"","_et_pb_old_content":"","_et_gb_content_width":""},"_links":{"self":[{"href":"https:\/\/baceko.com\/index.php\/wp-json\/wp\/v2\/pages\/87"}],"collection":[{"href":"https:\/\/baceko.com\/index.php\/wp-json\/wp\/v2\/pages"}],"about":[{"href":"https:\/\/baceko.com\/index.php\/wp-json\/wp\/v2\/types\/page"}],"author":[{"embeddable":true,"href":"https:\/\/baceko.com\/index.php\/wp-json\/wp\/v2\/users\/1"}],"replies":[{"embeddable":true,"href":"https:\/\/baceko.com\/index.php\/wp-json\/wp\/v2\/comments?post=87"}],"version-history":[{"count":3,"href":"https:\/\/baceko.com\/index.php\/wp-json\/wp\/v2\/pages\/87\/revisions"}],"predecessor-version":[{"id":121,"href":"https:\/\/baceko.com\/index.php\/wp-json\/wp\/v2\/pages\/87\/revisions\/121"}],"wp:attachment":[{"href":"https:\/\/baceko.com\/index.php\/wp-json\/wp\/v2\/media?parent=87"}],"curies":[{"name":"wp","href":"https:\/\/api.w.org\/{rel}","templated":true}]}}