{"id":92,"date":"2023-01-06T11:00:39","date_gmt":"2023-01-06T11:00:39","guid":{"rendered":"https:\/\/baceko.com\/?page_id=92"},"modified":"2023-01-09T15:16:29","modified_gmt":"2023-01-09T15:16:29","slug":"hakkimizda","status":"publish","type":"page","link":"https:\/\/baceko.com\/index.php\/tr\/hakkimizda\/","title":{"rendered":"Hakk\u0131m\u0131zda"},"content":{"rendered":"\n<div class=\"wp-block-media-text alignwide has-media-on-the-right is-stacked-on-mobile is-vertically-aligned-center has-background\" style=\"background-color:#f1f5c7\"><div class=\"wp-block-media-text__content\">\n<div class=\"is-layout-constrained wp-block-group\" style=\"padding-top:2em;padding-right:2em;padding-bottom:2em;padding-left:2em\">\n<p style=\"font-size:36px;line-height:1.2\"><strong>En ac\u0131 meyvede bile \u015feker vard\u0131r.<\/strong><\/p>\n\n\n\n<p class=\"has-extra-small-font-size\">\u2013 Terry a O&#8217;Neal<\/p>\n<\/div>\n\n\n\n<p>S\u00fcrekli geli\u015fime ve pozitif bak\u0131\u015fa inand\u0131\u011f\u0131m\u0131z Baceko&#8217;da en \u00fcmitsiz durumlarda dahi \u00fcretebilece\u011fimiz \u00e7\u00f6z\u00fcmler oldu\u011fu kanaatindeyiz.<\/p>\n<\/div><figure class=\"wp-block-media-text__media\"><img decoding=\"async\" src=\"https:\/\/s.w.org\/patterns\/files\/2021\/06\/pear-1-1024x1024.png\" alt=\"\" class=\"wp-image-5263 size-full\"\/><\/figure><\/div>\n\n\n\n<div class=\"wp-block-media-text alignwide is-stacked-on-mobile is-vertically-aligned-center has-background\" style=\"background-color:#fffdea\"><figure class=\"wp-block-media-text__media\"><img decoding=\"async\" src=\"https:\/\/s.w.org\/patterns\/files\/2021\/06\/pear-half-1024x1024.png\" alt=\"\" class=\"wp-image-673 size-full\"\/><\/figure><div class=\"wp-block-media-text__content\">\n<div class=\"is-layout-constrained wp-block-group\" style=\"padding-top:2em;padding-right:2em;padding-bottom:2em;padding-left:2em\">\n<p style=\"font-size:36px;line-height:1.2\"><strong>Yava\u015f b\u00fcy\u00fcyen a\u011fa\u00e7lar en iyi meyveyi verir.<\/strong><\/p>\n\n\n\n<p class=\"has-extra-small-font-size\">\u2013 Moli\u00e8re<\/p>\n<\/div>\n<\/div><\/div>\n","protected":false},"excerpt":{"rendered":"","protected":false},"author":1,"featured_media":0,"parent":0,"menu_order":0,"comment_status":"closed","ping_status":"closed","template":"","meta":{"_et_pb_use_builder":"","_et_pb_old_content":"","_et_gb_content_width":""},"_links":{"self":[{"href":"https:\/\/baceko.com\/index.php\/wp-json\/wp\/v2\/pages\/92"}],"collection":[{"href":"https:\/\/baceko.com\/index.php\/wp-json\/wp\/v2\/pages"}],"about":[{"href":"https:\/\/baceko.com\/index.php\/wp-json\/wp\/v2\/types\/page"}],"author":[{"embeddable":true,"href":"https:\/\/baceko.com\/index.php\/wp-json\/wp\/v2\/users\/1"}],"replies":[{"embeddable":true,"href":"https:\/\/baceko.com\/index.php\/wp-json\/wp\/v2\/comments?post=92"}],"version-history":[{"count":3,"href":"https:\/\/baceko.com\/index.php\/wp-json\/wp\/v2\/pages\/92\/revisions"}],"predecessor-version":[{"id":171,"href":"https:\/\/baceko.com\/index.php\/wp-json\/wp\/v2\/pages\/92\/revisions\/171"}],"wp:attachment":[{"href":"https:\/\/baceko.com\/index.php\/wp-json\/wp\/v2\/media?parent=92"}],"curies":[{"name":"wp","href":"https:\/\/api.w.org\/{rel}","templated":true}]}}